{"id":66,"date":"2022-01-29T12:26:57","date_gmt":"2022-01-29T12:26:57","guid":{"rendered":"http:\/\/fastwpdemo.com\/newwp\/ambons\/?page_id=66"},"modified":"2023-10-04T20:24:57","modified_gmt":"2023-10-04T18:24:57","slug":"nas-tim","status":"publish","type":"page","link":"https:\/\/aprescue.sk\/en\/nas-tim\/","title":{"rendered":"Our Team"},"content":{"rendered":"<div data-elementor-type=\"wp-page\" data-elementor-id=\"66\" class=\"elementor elementor-66\">\n\t\t\t\t\t\t<section class=\"elementor-section elementor-top-section elementor-element elementor-element-fc4ce20 elementor-section-full_width elementor-section-height-default elementor-section-height-default\" data-id=\"fc4ce20\" data-element_type=\"section\" data-e-type=\"section\">\n\t\t\t\t\t\t<div class=\"elementor-container elementor-column-gap-default\">\n\t\t\t\t\t<div class=\"elementor-column elementor-col-100 elementor-top-column elementor-element elementor-element-87d27ee\" data-id=\"87d27ee\" data-element_type=\"column\" data-e-type=\"column\">\n\t\t\t<div class=\"elementor-widget-wrap elementor-element-populated\">\n\t\t\t\t\t\t<div class=\"elementor-element elementor-element-85caf1f elementor-widget elementor-widget-ambons_our_team_2\" data-id=\"85caf1f\" data-element_type=\"widget\" data-e-type=\"widget\" data-widget_type=\"ambons_our_team_2.default\">\n\t\t\t\t<div class=\"elementor-widget-container\">\n\t\t\t\t\t \n   \t\t<!--Start Team Style1 Area-->\n        <section class=\"team-style1-area\">\n            <div class=\"container\">\n                <div class=\"row\">\n                \n                \t                            \n                    <!--Start Single Team Style1-->\n                    <div class=\"col-xl-4 col-lg-4 col-md-6\">\n                        <div class=\"single-team-style1 wow fadeInUp\" data-wow-delay=\"100ms\" data-wow-duration=\"1500ms\">                        \n                            <div class=\"img-holder\">                            \n                                                              \n                                <div class=\"inner\">                                \n                                \t<img fetchpriority=\"high\" decoding=\"async\" width=\"370\" height=\"445\" src=\"https:\/\/aprescue.sk\/wp-content\/uploads\/2022\/03\/Zdravotna-sluzba-Ing.-Peter-Lakomy--370x445.jpg\" class=\"attachment-ambons_370x445 size-ambons_370x445 wp-post-image\" alt=\"Zdravotn\u00e1 slu\u017eba Ing. Peter Lakom\u00fd\" srcset=\"https:\/\/aprescue.sk\/wp-content\/uploads\/2022\/03\/Zdravotna-sluzba-Ing.-Peter-Lakomy--370x445.jpg 370w, https:\/\/aprescue.sk\/wp-content\/uploads\/2022\/03\/Zdravotna-sluzba-Ing.-Peter-Lakomy--249x300.jpg 249w, https:\/\/aprescue.sk\/wp-content\/uploads\/2022\/03\/Zdravotna-sluzba-Ing.-Peter-Lakomy--10x12.jpg 10w, https:\/\/aprescue.sk\/wp-content\/uploads\/2022\/03\/Zdravotna-sluzba-Ing.-Peter-Lakomy-.jpg 740w\" sizes=\"(max-width: 370px) 100vw, 370px\" \/>                                    \n                                <\/div>                                \n                                                                \n                                <div class=\"title-holder text-center\">                                \n                                    <h2><a href=\"https:\/\/aprescue.sk\/en\/team\/peter-lakomy\/\">Ing. Peter Lakom\u00fd<\/a><\/h2>\n                                    <h3>AP Rescue Managing Director<\/h3>                                    \n                                    <div class=\"overlay-title\">                                    \n                                        <h2><a href=\"https:\/\/aprescue.sk\/en\/team\/peter-lakomy\/\">Ing. Peter Lakom\u00fd<\/a><\/h2>\n                                        <h3>AP Rescue Managing Director<\/h3>                                        \n                                                                                \n                                        <ul class=\"social-links\">\n                                                                                    <li><a href=\"https:\/\/www.linkedin.com\/\" target=\"_blank\" rel=\"noopener\"><i class=\"fa fa-linkedin\"><\/i><\/a><\/li>\n                                                                                <\/ul>                                        \n                                                                            <\/div>\n                                <\/div>\n                            <\/div>\n                        <\/div>\n                    <\/div>\n                    <!--End Single Team Style1-->                    \n                                                \n                    <!--Start Single Team Style1-->\n                    <div class=\"col-xl-4 col-lg-4 col-md-6\">\n                        <div class=\"single-team-style1 wow fadeInUp\" data-wow-delay=\"100ms\" data-wow-duration=\"1500ms\">                        \n                            <div class=\"img-holder\">                            \n                                                              \n                                <div class=\"inner\">                                \n                                \t<img decoding=\"async\" width=\"370\" height=\"445\" src=\"https:\/\/aprescue.sk\/wp-content\/uploads\/2022\/03\/Bc.-Adriana-Jesenska-Asistencna-sluzba-370x445.jpg\" class=\"attachment-ambons_370x445 size-ambons_370x445 wp-post-image\" alt=\"Bc. Adriana Jesensk\u00e1 Asisten\u010dn\u00e1 slu\u017eba\" srcset=\"https:\/\/aprescue.sk\/wp-content\/uploads\/2022\/03\/Bc.-Adriana-Jesenska-Asistencna-sluzba-370x445.jpg 370w, https:\/\/aprescue.sk\/wp-content\/uploads\/2022\/03\/Bc.-Adriana-Jesenska-Asistencna-sluzba-249x300.jpg 249w, https:\/\/aprescue.sk\/wp-content\/uploads\/2022\/03\/Bc.-Adriana-Jesenska-Asistencna-sluzba-10x12.jpg 10w, https:\/\/aprescue.sk\/wp-content\/uploads\/2022\/03\/Bc.-Adriana-Jesenska-Asistencna-sluzba.jpg 740w\" sizes=\"(max-width: 370px) 100vw, 370px\" \/>                                    \n                                <\/div>                                \n                                                                \n                                <div class=\"title-holder text-center\">                                \n                                    <h2><a href=\"https:\/\/aprescue.sk\/en\/team\/adriana-jesenska\/\">Bc. Adriana Jesensk\u00e1<\/a><\/h2>\n                                    <h3>AP Rescue Managing Director<\/h3>                                    \n                                    <div class=\"overlay-title\">                                    \n                                        <h2><a href=\"https:\/\/aprescue.sk\/en\/team\/adriana-jesenska\/\">Bc. Adriana Jesensk\u00e1<\/a><\/h2>\n                                        <h3>AP Rescue Managing Director<\/h3>                                        \n                                                                                \n                                        <ul class=\"social-links\">\n                                                                                    <li><a href=\"https:\/\/www.facebook.com\/\" target=\"_blank\" rel=\"noopener\"><i class=\"fa fa-facebook\"><\/i><\/a><\/li>\n                                                                                <\/ul>                                        \n                                                                            <\/div>\n                                <\/div>\n                            <\/div>\n                        <\/div>\n                    <\/div>\n                    <!--End Single Team Style1-->                    \n                                                \n                    <!--Start Single Team Style1-->\n                    <div class=\"col-xl-4 col-lg-4 col-md-6\">\n                        <div class=\"single-team-style1 wow fadeInUp\" data-wow-delay=\"100ms\" data-wow-duration=\"1500ms\">                        \n                            <div class=\"img-holder\">                            \n                                                              \n                                <div class=\"inner\">                                \n                                \t<img decoding=\"async\" width=\"370\" height=\"445\" src=\"https:\/\/aprescue.sk\/wp-content\/uploads\/2022\/03\/Zdravotnik-podujatie-MUDr.-Alice-Martinkovicova-PhD-370x445.jpg\" class=\"attachment-ambons_370x445 size-ambons_370x445 wp-post-image\" alt=\"Zdravotn\u00edk podujatie MUDr. Alice Martinkovi\u010dov\u00e1, PhD\" srcset=\"https:\/\/aprescue.sk\/wp-content\/uploads\/2022\/03\/Zdravotnik-podujatie-MUDr.-Alice-Martinkovicova-PhD-370x445.jpg 370w, https:\/\/aprescue.sk\/wp-content\/uploads\/2022\/03\/Zdravotnik-podujatie-MUDr.-Alice-Martinkovicova-PhD-249x300.jpg 249w, https:\/\/aprescue.sk\/wp-content\/uploads\/2022\/03\/Zdravotnik-podujatie-MUDr.-Alice-Martinkovicova-PhD-10x12.jpg 10w, https:\/\/aprescue.sk\/wp-content\/uploads\/2022\/03\/Zdravotnik-podujatie-MUDr.-Alice-Martinkovicova-PhD.jpg 740w\" sizes=\"(max-width: 370px) 100vw, 370px\" \/>                                    \n                                <\/div>                                \n                                                                \n                                <div class=\"title-holder text-center\">                                \n                                    <h2><a href=\"https:\/\/aprescue.sk\/en\/team\/alice-kusnirova\/\">MUDr. Alice Ku\u0161n\u00edrov\u00e1<\/a><\/h2>\n                                    <h3>Doctor<\/h3>                                    \n                                    <div class=\"overlay-title\">                                    \n                                        <h2><a href=\"https:\/\/aprescue.sk\/en\/team\/alice-kusnirova\/\">MUDr. Alice Ku\u0161n\u00edrov\u00e1<\/a><\/h2>\n                                        <h3>Doctor<\/h3>                                        \n                                                                                \n                                        <ul class=\"social-links\">\n                                                                                <\/ul>                                        \n                                                                            <\/div>\n                                <\/div>\n                            <\/div>\n                        <\/div>\n                    <\/div>\n                    <!--End Single Team Style1-->                    \n                                                \n                    <!--Start Single Team Style1-->\n                    <div class=\"col-xl-4 col-lg-4 col-md-6\">\n                        <div class=\"single-team-style1 wow fadeInUp\" data-wow-delay=\"100ms\" data-wow-duration=\"1500ms\">                        \n                            <div class=\"img-holder\">                            \n                                                              \n                                <div class=\"inner\">                                \n                                \t<img loading=\"lazy\" decoding=\"async\" width=\"370\" height=\"445\" src=\"https:\/\/aprescue.sk\/wp-content\/uploads\/2022\/03\/Zdravotna-asistencia-Mgr.-Katarina-Naciniakova--370x445.jpg\" class=\"attachment-ambons_370x445 size-ambons_370x445 wp-post-image\" alt=\"Zdravotn\u00e1 asistencia Mgr. Katar\u00edna Na\u010diniakov\u00e1\" srcset=\"https:\/\/aprescue.sk\/wp-content\/uploads\/2022\/03\/Zdravotna-asistencia-Mgr.-Katarina-Naciniakova--370x445.jpg 370w, https:\/\/aprescue.sk\/wp-content\/uploads\/2022\/03\/Zdravotna-asistencia-Mgr.-Katarina-Naciniakova--249x300.jpg 249w, https:\/\/aprescue.sk\/wp-content\/uploads\/2022\/03\/Zdravotna-asistencia-Mgr.-Katarina-Naciniakova--10x12.jpg 10w, https:\/\/aprescue.sk\/wp-content\/uploads\/2022\/03\/Zdravotna-asistencia-Mgr.-Katarina-Naciniakova-.jpg 740w\" sizes=\"(max-width: 370px) 100vw, 370px\" \/>                                    \n                                <\/div>                                \n                                                                \n                                <div class=\"title-holder text-center\">                                \n                                    <h2><a href=\"https:\/\/aprescue.sk\/en\/team\/katarina-naciniakova\/\">Mgr. Katar\u00edna Na\u010diniakov\u00e1<\/a><\/h2>\n                                    <h3>Communication &amp; PR<\/h3>                                    \n                                    <div class=\"overlay-title\">                                    \n                                        <h2><a href=\"https:\/\/aprescue.sk\/en\/team\/katarina-naciniakova\/\">Mgr. Katar\u00edna Na\u010diniakov\u00e1<\/a><\/h2>\n                                        <h3>Communication &amp; PR<\/h3>                                        \n                                                                                \n                                        <ul class=\"social-links\">\n                                                                                    <li><a href=\"https:\/\/www.linkedin.com\/\" target=\"_blank\" rel=\"noopener\"><i class=\"fa fa-linkedin\"><\/i><\/a><\/li>\n                                                                                <\/ul>                                        \n                                                                            <\/div>\n                                <\/div>\n                            <\/div>\n                        <\/div>\n                    <\/div>\n                    <!--End Single Team Style1-->                    \n                                                \n                    <!--Start Single Team Style1-->\n                    <div class=\"col-xl-4 col-lg-4 col-md-6\">\n                        <div class=\"single-team-style1 wow fadeInUp\" data-wow-delay=\"100ms\" data-wow-duration=\"1500ms\">                        \n                            <div class=\"img-holder\">                            \n                                                              \n                                <div class=\"inner\">                                \n                                \t<img loading=\"lazy\" decoding=\"async\" width=\"370\" height=\"445\" src=\"https:\/\/aprescue.sk\/wp-content\/uploads\/2022\/03\/Zabezpecenie-podujati-Peter-Skrzek--370x445.jpg\" class=\"attachment-ambons_370x445 size-ambons_370x445 wp-post-image\" alt=\"Zabezpe\u010denie podujat\u00ed Peter Skr\u017eek\" srcset=\"https:\/\/aprescue.sk\/wp-content\/uploads\/2022\/03\/Zabezpecenie-podujati-Peter-Skrzek--370x445.jpg 370w, https:\/\/aprescue.sk\/wp-content\/uploads\/2022\/03\/Zabezpecenie-podujati-Peter-Skrzek--249x300.jpg 249w, https:\/\/aprescue.sk\/wp-content\/uploads\/2022\/03\/Zabezpecenie-podujati-Peter-Skrzek--10x12.jpg 10w, https:\/\/aprescue.sk\/wp-content\/uploads\/2022\/03\/Zabezpecenie-podujati-Peter-Skrzek-.jpg 740w\" sizes=\"(max-width: 370px) 100vw, 370px\" \/>                                    \n                                <\/div>                                \n                                                                \n                                <div class=\"title-holder text-center\">                                \n                                    <h2><a href=\"https:\/\/aprescue.sk\/en\/team\/peter-skrzek\/\">Peter Skr\u017eek<\/a><\/h2>\n                                    <h3>Paramedic<\/h3>                                    \n                                    <div class=\"overlay-title\">                                    \n                                        <h2><a href=\"https:\/\/aprescue.sk\/en\/team\/peter-skrzek\/\">Peter Skr\u017eek<\/a><\/h2>\n                                        <h3>Paramedic<\/h3>                                        \n                                                                                \n                                        <ul class=\"social-links\">\n                                                                                    <li><a href=\"https:\/\/www.facebook.com\/\" target=\"_blank\" rel=\"noopener\"><i class=\"fa fa-facebook\"><\/i><\/a><\/li>\n                                                                                <\/ul>                                        \n                                                                            <\/div>\n                                <\/div>\n                            <\/div>\n                        <\/div>\n                    <\/div>\n                    <!--End Single Team Style1-->                    \n                                                \n                    <!--Start Single Team Style1-->\n                    <div class=\"col-xl-4 col-lg-4 col-md-6\">\n                        <div class=\"single-team-style1 wow fadeInUp\" data-wow-delay=\"100ms\" data-wow-duration=\"1500ms\">                        \n                            <div class=\"img-holder\">                            \n                                                              \n                                <div class=\"inner\">                                \n                                \t<img loading=\"lazy\" decoding=\"async\" width=\"370\" height=\"445\" src=\"https:\/\/aprescue.sk\/wp-content\/uploads\/2022\/03\/Zachranari-event-Bc.-Kristian-Sedlak-370x445.jpg\" class=\"attachment-ambons_370x445 size-ambons_370x445 wp-post-image\" alt=\"Z\u00e1chran\u00e1ri event Bc. Kristi\u00e1n Sedl\u00e1k\" srcset=\"https:\/\/aprescue.sk\/wp-content\/uploads\/2022\/03\/Zachranari-event-Bc.-Kristian-Sedlak-370x445.jpg 370w, https:\/\/aprescue.sk\/wp-content\/uploads\/2022\/03\/Zachranari-event-Bc.-Kristian-Sedlak-249x300.jpg 249w, https:\/\/aprescue.sk\/wp-content\/uploads\/2022\/03\/Zachranari-event-Bc.-Kristian-Sedlak-10x12.jpg 10w, https:\/\/aprescue.sk\/wp-content\/uploads\/2022\/03\/Zachranari-event-Bc.-Kristian-Sedlak.jpg 740w\" sizes=\"(max-width: 370px) 100vw, 370px\" \/>                                    \n                                <\/div>                                \n                                                                \n                                <div class=\"title-holder text-center\">                                \n                                    <h2><a href=\"https:\/\/aprescue.sk\/en\/team\/kristian-sedlak\/\">Bc. Kristi\u00e1n Sedl\u00e1k<\/a><\/h2>\n                                    <h3>Paramedic<\/h3>                                    \n                                    <div class=\"overlay-title\">                                    \n                                        <h2><a href=\"https:\/\/aprescue.sk\/en\/team\/kristian-sedlak\/\">Bc. Kristi\u00e1n Sedl\u00e1k<\/a><\/h2>\n                                        <h3>Paramedic<\/h3>                                        \n                                                                                \n                                        <ul class=\"social-links\">\n                                                                                    <li><a href=\"https:\/\/www.facebook.com\/\" target=\"_blank\" rel=\"noopener\"><i class=\"fa fa-facebook\"><\/i><\/a><\/li>\n                                                                                <\/ul>                                        \n                                                                            <\/div>\n                                <\/div>\n                            <\/div>\n                        <\/div>\n                    <\/div>\n                    <!--End Single Team Style1-->                    \n                                                \n                    <!--Start Single Team Style1-->\n                    <div class=\"col-xl-4 col-lg-4 col-md-6\">\n                        <div class=\"single-team-style1 wow fadeInUp\" data-wow-delay=\"100ms\" data-wow-duration=\"1500ms\">                        \n                            <div class=\"img-holder\">                            \n                                                              \n                                <div class=\"inner\">                                \n                                \t<img loading=\"lazy\" decoding=\"async\" width=\"370\" height=\"445\" src=\"https:\/\/aprescue.sk\/wp-content\/uploads\/2023\/10\/sluzba-na-podujatiach-Bc.-Michaela-Cernajova-370x445.jpg\" class=\"attachment-ambons_370x445 size-ambons_370x445 wp-post-image\" alt=\"Slu\u017eba na podujatiach Bc. Michaela \u010cernajov\u00e1\" srcset=\"https:\/\/aprescue.sk\/wp-content\/uploads\/2023\/10\/sluzba-na-podujatiach-Bc.-Michaela-Cernajova-370x445.jpg 370w, https:\/\/aprescue.sk\/wp-content\/uploads\/2023\/10\/sluzba-na-podujatiach-Bc.-Michaela-Cernajova-249x300.jpg 249w, https:\/\/aprescue.sk\/wp-content\/uploads\/2023\/10\/sluzba-na-podujatiach-Bc.-Michaela-Cernajova-10x12.jpg 10w, https:\/\/aprescue.sk\/wp-content\/uploads\/2023\/10\/sluzba-na-podujatiach-Bc.-Michaela-Cernajova.jpg 740w\" sizes=\"(max-width: 370px) 100vw, 370px\" \/>                                    \n                                <\/div>                                \n                                                                \n                                <div class=\"title-holder text-center\">                                \n                                    <h2><a href=\"https:\/\/aprescue.sk\/en\/team\/bc-michaela-cernajova\/\">Bc. Michaela \u010cernajov\u00e1<\/a><\/h2>\n                                    <h3>Paramedic<\/h3>                                    \n                                    <div class=\"overlay-title\">                                    \n                                        <h2><a href=\"https:\/\/aprescue.sk\/en\/team\/bc-michaela-cernajova\/\">Bc. Michaela \u010cernajov\u00e1<\/a><\/h2>\n                                        <h3>Paramedic<\/h3>                                        \n                                                                                \n                                        <ul class=\"social-links\">\n                                                                                <\/ul>                                        \n                                                                            <\/div>\n                                <\/div>\n                            <\/div>\n                        <\/div>\n                    <\/div>\n                    <!--End Single Team Style1-->                    \n                               \n                <\/div>\n            <\/div>\n        <\/section>\n        <!--End Team Style1 Area-->\n    \n      \t\t\t\t<\/div>\n\t\t\t\t<\/div>\n\t\t\t\t\t<\/div>\n\t\t<\/div>\n\t\t\t\t\t<\/div>\n\t\t<\/section>\n\t\t\t\t<\/div>","protected":false},"excerpt":{"rendered":"<p>Ing. Peter Lakom\u00fd Konate\u013e AP Rescue Ing. Peter Lakom\u00fd Konate\u013e AP Rescue Bc. Adriana Jesensk\u00e1 Konate\u013e AP Rescue Bc. Adriana Jesensk\u00e1 Konate\u013e AP Rescue MUDr. Alice Martinkovi\u010dov\u00e1, PhD. Lek\u00e1r MUDr. Alice Martinkovi\u010dov\u00e1, PhD. Lek\u00e1r Mgr. Katar\u00edna Na\u010diniakov\u00e1 Komunik\u00e1cia a\u00a0PR Mgr. Katar\u00edna Na\u010diniakov\u00e1 Komunik\u00e1cia a\u00a0PR Peter Skr\u017eek Zdravotn\u00edcky z\u00e1chran\u00e1r Peter Skr\u017eek Zdravotn\u00edcky z\u00e1chran\u00e1r Bc. Kristi\u00e1n Sedl\u00e1k [&hellip;]<\/p>\n","protected":false},"author":1,"featured_media":1954,"parent":0,"menu_order":0,"comment_status":"closed","ping_status":"closed","template":"","meta":{"_monsterinsights_skip_tracking":false,"_monsterinsights_sitenote_active":false,"_monsterinsights_sitenote_note":"","_monsterinsights_sitenote_category":0,"footnotes":""},"class_list":["post-66","page","type-page","status-publish","has-post-thumbnail","hentry"],"_links":{"self":[{"href":"https:\/\/aprescue.sk\/en\/wp-json\/wp\/v2\/pages\/66","targetHints":{"allow":["GET"]}}],"collection":[{"href":"https:\/\/aprescue.sk\/en\/wp-json\/wp\/v2\/pages"}],"about":[{"href":"https:\/\/aprescue.sk\/en\/wp-json\/wp\/v2\/types\/page"}],"author":[{"embeddable":true,"href":"https:\/\/aprescue.sk\/en\/wp-json\/wp\/v2\/users\/1"}],"replies":[{"embeddable":true,"href":"https:\/\/aprescue.sk\/en\/wp-json\/wp\/v2\/comments?post=66"}],"version-history":[{"count":6,"href":"https:\/\/aprescue.sk\/en\/wp-json\/wp\/v2\/pages\/66\/revisions"}],"predecessor-version":[{"id":3371,"href":"https:\/\/aprescue.sk\/en\/wp-json\/wp\/v2\/pages\/66\/revisions\/3371"}],"wp:featuredmedia":[{"embeddable":true,"href":"https:\/\/aprescue.sk\/en\/wp-json\/wp\/v2\/media\/1954"}],"wp:attachment":[{"href":"https:\/\/aprescue.sk\/en\/wp-json\/wp\/v2\/media?parent=66"}],"curies":[{"name":"wp","href":"https:\/\/api.w.org\/{rel}","templated":true}]}}