{"id":56,"date":"2022-01-29T12:25:52","date_gmt":"2022-01-29T12:25:52","guid":{"rendered":"http:\/\/fastwpdemo.com\/newwp\/ambons\/?page_id=56"},"modified":"2023-10-05T09:57:34","modified_gmt":"2023-10-05T07:57:34","slug":"zdravotna-sluzba","status":"publish","type":"page","link":"https:\/\/aprescue.sk\/en\/zdravotna-sluzba\/","title":{"rendered":"Health service"},"content":{"rendered":"<div data-elementor-type=\"wp-page\" data-elementor-id=\"56\" class=\"elementor elementor-56\">\n\t\t\t\t\t\t<section class=\"elementor-section elementor-top-section elementor-element elementor-element-40f2888 elementor-section-full_width elementor-section-height-default elementor-section-height-default\" data-id=\"40f2888\" data-element_type=\"section\" data-e-type=\"section\">\n\t\t\t\t\t\t<div class=\"elementor-container elementor-column-gap-default\">\n\t\t\t\t\t<div class=\"elementor-column elementor-col-100 elementor-top-column elementor-element elementor-element-3096104\" data-id=\"3096104\" data-element_type=\"column\" data-e-type=\"column\">\n\t\t\t<div class=\"elementor-widget-wrap\">\n\t\t\t\t\t\t\t<\/div>\n\t\t<\/div>\n\t\t\t\t\t<\/div>\n\t\t<\/section>\n\t\t\t\t<section class=\"elementor-section elementor-top-section elementor-element elementor-element-992dd87 elementor-section-full_width elementor-section-height-default elementor-section-height-default\" data-id=\"992dd87\" data-element_type=\"section\" data-e-type=\"section\">\n\t\t\t\t\t\t<div class=\"elementor-container elementor-column-gap-default\">\n\t\t\t\t\t<div class=\"elementor-column elementor-col-100 elementor-top-column elementor-element elementor-element-7efaf03\" data-id=\"7efaf03\" data-element_type=\"column\" data-e-type=\"column\">\n\t\t\t<div class=\"elementor-widget-wrap elementor-element-populated\">\n\t\t\t\t\t\t<div class=\"elementor-element elementor-element-1a8f5fc elementor-widget elementor-widget-ambons_service_detail\" data-id=\"1a8f5fc\" data-element_type=\"widget\" data-e-type=\"widget\" data-widget_type=\"ambons_service_detail.default\">\n\t\t\t\t<div class=\"elementor-widget-container\">\n\t\t\t\t\t  \t\n    <!--Start Service Details area -->\n    <section class=\"service-details-area\">\n        <div class=\"container\">\n            <div class=\"row\">\n\t\t\t\t                <!--Start Service Details Sidebar -->\n                <div class=\"col-xl-4 col-lg-5 order-box-2\">\n                    <div class=\"service-details__sidebar\">\n\t\t\t\t\t\t<div id=\"nav_menu-5\" class=\"service-widget widget_nav_menu\"><div class=\"menu-services-sidebar-menu-container\"><ul id=\"menu-services-sidebar-menu\" class=\"menu\"><li id=\"menu-item-970\" class=\"menu-item menu-item-type-post_type menu-item-object-page menu-item-970\"><a href=\"https:\/\/aprescue.sk\/en\/zdravotna-sluzba\/\">Health service<\/a><\/li>\n<li id=\"menu-item-968\" class=\"menu-item menu-item-type-post_type menu-item-object-page menu-item-968\"><a href=\"https:\/\/aprescue.sk\/en\/kurzy-prvej-pomoci\/\">First aid courses<\/a><\/li>\n<li id=\"menu-item-969\" class=\"menu-item menu-item-type-post_type menu-item-object-page menu-item-969\"><a href=\"https:\/\/aprescue.sk\/en\/zdravotnicka-technika\/\">Medical equipment<\/a><\/li>\n<li id=\"menu-item-2687\" class=\"trp-language-switcher-container menu-item menu-item-type-post_type menu-item-object-language_switcher current-language-menu-item menu-item-2687\"><a href=\"https:\/\/aprescue.sk\/en\/wp-json\/wp\/v2\/pages\/56\"><span data-no-translation><img decoding=\"async\" class=\"trp-flag-image\" src=\"https:\/\/aprescue.sk\/wp-content\/plugins\/translatepress-multilingual\/assets\/images\/flags\/sk_SK.png\" width=\"18\" height=\"12\" alt=\"sk_SK\" title=\"Sloven\u010dina\"><span class=\"trp-ls-language-name\">Sloven\u010dina<\/span><\/span><\/a><\/li>\n<\/ul><\/div><\/div><div id=\"ambons_need_help-1\" class=\"service-widget widget_ambons_need_help\">      \t\t\n\t\t\t<div class=\"service-details-contact-info\" data-aos=\"slide-up\" data-aos-easing=\"linear\" data-aos-duration=\"1000\">\n                <div class=\"sidebar-info-box-bg\" style=\"background-image: url(http:\/\/fastwpdemo.com\/newwp\/ambons\/wp-content\/uploads\/2022\/03\/sidebar-info-box-bg.jpg);\"><\/div>\n                <h3>Organizing an event?<\/h3>                <p>Interested in more information or a quote? Feel free to contact us at any time.<\/p>                <h2><a href=\"tel:+421905789176\">+421905789176<\/a><\/h2>            <\/div>\n                        \n        <\/div>                    <\/div>\n                <\/div>\n                <!--End Service Details Sidebar -->\n\t\t\t\t                \n                <!--Start Service Details Content -->\n                <div class=\"col-xl-8 col-lg-7 order-box-1\">\n                    <div class=\"service-details__content\">\n                        \t\t\t\t\t\n\t\t\t\t\t\t<div class=\"img-box1\">\n\t\t\t\t\t\t\t<img decoding=\"async\" src=\"https:\/\/aprescue.sk\/wp-content\/uploads\/2023\/09\/Zdravotne-zabezpecenie-AP-Rescue.jpg\" alt=\"Awesome Image\" \/>\n\t\t\t\t\t\t<\/div>\t\t\t\t\t\t\n\t\t\t\t\t  \t\t\t\t\t\t\t\n                        \t\t\t\t\t\t<div class=\"text-box1\">\t\t\t\t\t\t\n\t\t\t\t\t\t\t<h2>Health service at events<\/h2>\t\t\t\t\t\t\t<p>We provide health services at various cultural, social and sporting events. We have experience with small events and the most significant events in Slovakia with almost 50,000 spectators.<\/p>\t\t\t\t\t\t<\/div>\n\t\t\t\t\t\t\n                        <div class=\"text-box2\">\n                            <div class=\"row\">\n                                                                <div class=\"col-xl-6\">\n                                    <div class=\"text-box2-single\" data-aos=\"fade-right\" data-aos-easing=\"linear\"\n                                        data-aos-duration=\"2500\">\n                                        <h4>\n                                            <span class=\"icon-right-arrow\"><\/span> Extensive experience                                        <\/h4>\n                                        <p>Events of varying nature and attendance.<\/p>\n                                    <\/div>\n                                <\/div>\n\t\t\t\t\t\t\t\t                                <div class=\"col-xl-6\">\n                                    <div class=\"text-box2-single\" data-aos=\"fade-left\" data-aos-easing=\"linear\"\n                                        data-aos-duration=\"2500\">\n                                        <h4>\n                                            <span class=\"icon-right-arrow\"><\/span> Individual approach                                        <\/h4>\n                                        <p>Each event is individual and requires rigorous preparation.<\/p>\n                                    <\/div>\n                                <\/div>\n\t\t\t\t\t\t\t\t                            <\/div>\n                        <\/div>\n\n                       \n                        <div class=\"text-box4\">\n                            <div class=\"row\">\n                                <div class=\"col-xl-6\">\n                                    <div class=\"content-box\">\n                                        <h2>Advantages of the service<\/h2>                                        <p>Put yourself in the hands of true experts in this field.<\/p>\t\t\t\t\t\t\t\t\t\t\t\t\t\t\t\t\t\t\t\t<ul>\n\t\t\t\t\t\t\t\t\t\t\t\t\t\t\t\t\t\t\t\t\t   \t<li><span class=\"icon-checked\"><\/span> Healthcare professionals.<\/li>\n\t\t\t\t\t\t\t\t\t\t\t\t\t\t\t\t\t\t\t\t\t   \t<li><span class=\"icon-checked\"><\/span>  International experiences.<\/li>\n\t\t\t\t\t\t\t\t\t\t\t\t\t\t\t\t\t\t\t\t\t   \t<li><span class=\"icon-checked\"><\/span> Cultural, social or sports events.<\/li>\n\t\t\t\t\t\t\t\t\t\t\t\t\t\t\t\t\t\t\t\t\t   \t<li><span class=\"icon-checked\"><\/span>  You can rely on us in any situation.<\/li>\n\t\t\t\t\t\t\t\t\t\t\t\t\t\t\t\t\t\t\t\t\t<\/ul>\n\t\t\t\t\t\t\t\t\t\t                                    <\/div>\n                                <\/div>\n\t\t\t\t\t\t\t\t                                <div class=\"col-xl-6\">\n                                    <div class=\"img-box\">\n                                        <img decoding=\"async\" src=\"https:\/\/aprescue.sk\/wp-content\/uploads\/2023\/09\/Asistencia-na-podujatiach-scaled.jpg\" alt=\"Awesome Image\" \/>\n                                    <\/div>\n                                <\/div>\n\t\t\t\t\t\t\t\t                            <\/div>\n                        <\/div>\n\n                        <div class=\"faq-style1__content\">\n                            <ul class=\"accordion-box\">\n                                                                <li class=\"accordion block active-block\">\n                                    <div class=\"acc-btn active\">\n                                        <div class=\"icon-outer\">\n                                            <i class=\"icon-down-arrow\"><\/i>\n                                        <\/div>\n                                        <h3>Do I need paramedics at the event?<\/h3>\n                                    <\/div>\n                                    <div class=\"acc-content current\">\n                                        <p>According to Act No. 1\/2014 Coll. of 4 December 2013 on the organisation of public sporting events and on the amendment and supplementation of certain acts, \"when organising an event in a sports facility where the participation of 4,000 or more spectators is expected, at least two medical aid stations with a medical worker must be established in the indoor area of the sports facility. For other events, at least one medical aid post with a medical officer or someone who has obtained a certificate of completion of an accredited first aid course must be established'.<\/p>\n                                    <\/div>\n                                <\/li>\n                                                                <li class=\"accordion block\">\n                                    <div class=\"acc-btn\">\n                                        <div class=\"icon-outer\">\n                                            <i class=\"icon-down-arrow\"><\/i>\n                                        <\/div>\n                                        <h3>How many paramedics do I need for an event?<\/h3>\n                                    <\/div>\n                                    <div class=\"acc-content\">\n                                        <p>From many years of experience, we recommend that at least one paramedic be present at an organised event with more than 150 people. However, the total number of paramedics depends mainly on the nature of the event - whether it is a high-risk sports match or a wedding reception. Clients are treated individually, and medical staffing is designed according to their needs and wishes.<\/p>\n                                    <\/div>\n                                <\/li>\n                                                                <li class=\"accordion block\">\n                                    <div class=\"acc-btn\">\n                                        <div class=\"icon-outer\">\n                                            <i class=\"icon-down-arrow\"><\/i>\n                                        <\/div>\n                                        <h3>Who is a paramedic?<\/h3>\n                                    <\/div>\n                                    <div class=\"acc-content\">\n                                        <p>The exercise of the paramedic profession requires either a university degree in emergency health care, a higher vocational education in the field of study of diploma paramedic or a complete secondary vocational education in the field of study of paramedic. All our paramedics have completed the required medical education and various other forms of education in the form of specialised courses, training and retraining.  <\/p>\n                                    <\/div>\n                                <\/li>\n                                                            <\/ul>\n                        <\/div>\n                    <\/div>\n                <\/div>\n                <!--End Service Details Content -->\n            <\/div>\n        <\/div>\n    <\/section>\n    <!--End Service Details area -->\n    \n    \t\t\t\t<\/div>\n\t\t\t\t<\/div>\n\t\t\t\t\t<\/div>\n\t\t<\/div>\n\t\t\t\t\t<\/div>\n\t\t<\/section>\n\t\t\t\t<\/div>","protected":false},"excerpt":{"rendered":"<p>Zdravotn\u00e1 slu\u017eba Kurzy prvej pomoci Zdravotn\u00edcka technika English (UK) Organizujete podujatie? M\u00e1te z\u00e1ujem o bli\u017e\u0161ie inform\u00e1cie alebo cenov\u00fa ponuku? Nev\u00e1hajte n\u00e1s kedyko\u013evek kontaktova\u0165. +421905789176 Zdravotn\u00e1 slu\u017eba na podujatiach Zabezpe\u010dujeme zdravotn\u00fa slu\u017ebu na r\u00f4znych kult\u00farnych, spolo\u010densk\u00fdch a \u0161portov\u00fdch podujatiach. M\u00e1me sk\u00fasenosti s mal\u00fdmi podujatiami, ale aj najv\u00e4\u010d\u0161\u00edmi akciami na Slovensku s \u00fa\u010das\u0165ou takmer 50 000 div\u00e1kov. [&hellip;]<\/p>\n","protected":false},"author":1,"featured_media":1689,"parent":0,"menu_order":0,"comment_status":"closed","ping_status":"closed","template":"","meta":{"_monsterinsights_skip_tracking":false,"_monsterinsights_sitenote_active":false,"_monsterinsights_sitenote_note":"","_monsterinsights_sitenote_category":0,"footnotes":""},"class_list":["post-56","page","type-page","status-publish","has-post-thumbnail","hentry"],"_links":{"self":[{"href":"https:\/\/aprescue.sk\/en\/wp-json\/wp\/v2\/pages\/56","targetHints":{"allow":["GET"]}}],"collection":[{"href":"https:\/\/aprescue.sk\/en\/wp-json\/wp\/v2\/pages"}],"about":[{"href":"https:\/\/aprescue.sk\/en\/wp-json\/wp\/v2\/types\/page"}],"author":[{"embeddable":true,"href":"https:\/\/aprescue.sk\/en\/wp-json\/wp\/v2\/users\/1"}],"replies":[{"embeddable":true,"href":"https:\/\/aprescue.sk\/en\/wp-json\/wp\/v2\/comments?post=56"}],"version-history":[{"count":6,"href":"https:\/\/aprescue.sk\/en\/wp-json\/wp\/v2\/pages\/56\/revisions"}],"predecessor-version":[{"id":3119,"href":"https:\/\/aprescue.sk\/en\/wp-json\/wp\/v2\/pages\/56\/revisions\/3119"}],"wp:featuredmedia":[{"embeddable":true,"href":"https:\/\/aprescue.sk\/en\/wp-json\/wp\/v2\/media\/1689"}],"wp:attachment":[{"href":"https:\/\/aprescue.sk\/en\/wp-json\/wp\/v2\/media?parent=56"}],"curies":[{"name":"wp","href":"https:\/\/api.w.org\/{rel}","templated":true}]}}