{"id":3672,"date":"2025-02-10T22:11:54","date_gmt":"2025-02-10T21:11:54","guid":{"rendered":"https:\/\/aprescue.sk\/?page_id=3672"},"modified":"2026-04-16T10:14:43","modified_gmt":"2026-04-16T08:14:43","slug":"sutaz-rzp-posadok","status":"publish","type":"page","link":"https:\/\/aprescue.sk\/en\/sutaz-rzp-posadok\/","title":{"rendered":"RZP crews competition"},"content":{"rendered":"<div data-elementor-type=\"wp-page\" data-elementor-id=\"3672\" class=\"elementor elementor-3672\">\n\t\t\t\t\t\t<section class=\"elementor-section elementor-top-section elementor-element elementor-element-1a9fc6d elementor-section-boxed elementor-section-height-default elementor-section-height-default\" data-id=\"1a9fc6d\" data-element_type=\"section\" data-e-type=\"section\">\n\t\t\t\t\t\t<div class=\"elementor-container elementor-column-gap-default\">\n\t\t\t\t\t<div class=\"elementor-column elementor-col-100 elementor-top-column elementor-element elementor-element-b3e7121\" data-id=\"b3e7121\" data-element_type=\"column\" data-e-type=\"column\">\n\t\t\t<div class=\"elementor-widget-wrap\">\n\t\t\t\t\t\t\t<\/div>\n\t\t<\/div>\n\t\t\t\t\t<\/div>\n\t\t<\/section>\n\t\t\t\t<section class=\"elementor-section elementor-top-section elementor-element elementor-element-fc04a22 elementor-section-boxed elementor-section-height-default elementor-section-height-default\" data-id=\"fc04a22\" data-element_type=\"section\" data-e-type=\"section\">\n\t\t\t\t\t\t<div class=\"elementor-container elementor-column-gap-default\">\n\t\t\t\t\t<div class=\"elementor-column elementor-col-100 elementor-top-column elementor-element elementor-element-7778426\" data-id=\"7778426\" data-element_type=\"column\" data-e-type=\"column\">\n\t\t\t<div class=\"elementor-widget-wrap elementor-element-populated\">\n\t\t\t\t\t\t<div class=\"elementor-element elementor-element-e5c2688 elementor-widget elementor-widget-spacer\" data-id=\"e5c2688\" data-element_type=\"widget\" data-e-type=\"widget\" data-widget_type=\"spacer.default\">\n\t\t\t\t<div class=\"elementor-widget-container\">\n\t\t\t\t\t\t\t<div class=\"elementor-spacer\">\n\t\t\t<div class=\"elementor-spacer-inner\"><\/div>\n\t\t<\/div>\n\t\t\t\t\t\t<\/div>\n\t\t\t\t<\/div>\n\t\t\t\t<div class=\"elementor-element elementor-element-fc3acf7 elementor-widget elementor-widget-ambons_service_detail\" data-id=\"fc3acf7\" data-element_type=\"widget\" data-e-type=\"widget\" data-widget_type=\"ambons_service_detail.default\">\n\t\t\t\t<div class=\"elementor-widget-container\">\n\t\t\t\t\t  \t\n    <!--Start Service Details area -->\n    <section class=\"service-details-area\">\n        <div class=\"container\">\n            <div class=\"row\">\n\t\t\t\t                \n                <!--Start Service Details Content -->\n                <div class=\"col-xl-12 col-lg-12\">\n                    <div class=\"service-details__content\">\n                        \t\t\t\t\t\t\n                        \t\t\t\t\t\t<div class=\"text-box1\">\t\t\t\t\t\t\n\t\t\t\t\t\t\t<h2>\u0160tat\u00fat s\u00fa\u0165a\u017ee Mana\u017ement pacienta na futbalovom \u0161tadi\u00f3ne<\/h2>\t\t\t\t\t\t\t<p><b>1. General provisions<br>\nTitle of the competition: <\/b>Patient management at a football stadium<br>\n<b>Organiser: <\/b>AP Rescue s.r.o.<br>\n<b>Date: <\/b>20. apr\u00edl 2026<br>\n<b>Location:<\/b> Football stadium Teheln\u00e9 pole, V. Tegelhoffa 4, Bratislava<br>\n<b>Credits awarded to SKZZ:<\/b> 6 kreditov<\/p>\n\t\t\t\t\t\t<\/div>\n\t\t\t\t\t\t\n                        <div class=\"text-box2\">\n                            <div class=\"row\">\n                                                                <div class=\"col-xl-6\">\n                                    <div class=\"text-box2-single\" data-aos=\"fade-right\" data-aos-easing=\"linear\"\n                                        data-aos-duration=\"2500\">\n                                        <h4>\n                                            <span class=\"icon-right-arrow\"><\/span> Winners of the 1st year of the competition of ambulance crews                                        <\/h4>\n                                        <p><b>1st place:<\/b> Anton Rafaj, Mat\u00fa\u0161 Janiga \n<br><b>2nd place: <\/b>Martin \u010cuntala, Denisa Tibensk\u00e1\n<br><b>3rd place: <\/b>Ema Za\u0165kov\u00e1, Dominik Poizl\n<\/p>\n                                    <\/div>\n                                <\/div>\n\t\t\t\t\t\t\t\t                                <div class=\"col-xl-6\">\n                                    <div class=\"text-box2-single\" data-aos=\"fade-left\" data-aos-easing=\"linear\"\n                                        data-aos-duration=\"2500\">\n                                        <h4>\n                                            <span class=\"icon-right-arrow\"><\/span> Winners of the II. year of the competition of ambulance crews                                        <\/h4>\n                                        <p><b>1st place: <\/b> Adam Lofaj, Adri\u00e1n Katreniak\n<br><b>2nd place: <\/b> Tom\u00e1\u0161 Bu\u010dek, Marek Petrek\n<br><b>3rd place: <\/b> Radovan Kriv\u00e1\u0148, \u013dubom\u00edr Ondov\n<\/p>\n                                    <\/div>\n                                <\/div>\n\t\t\t\t\t\t\t\t                            <\/div>\n                        <\/div>\n\n                                               <div class=\"text-box3\">\t\t\t\t\t\t\n\t\t\t\t\t\t\t<p><p><b>2. Objective of the competition<\/b><br>\n\u2022 The competition aims to test the professional skills and abilities of the ambulance crews in patient management in the specific conditions of a football stadium. The competition promotes teamwork, speed of decision making and correct application of medical procedures.\n<br><br><b>3. Conditions of participation<\/b><br>\u2022\tThe competition is open to ambulance crews from all over Slovakia and abroad.\n<br>\u2022\tKa\u017ed\u00e1 pos\u00e1dka mus\u00ed by\u0165 zlo\u017een\u00e1 z 2 \u010dlenov.\n<br>\u2022\tParticipants must be health professionals - graduates in emergency health care, working in the emergency medical service, in emergency admissions, or health professionals - graduates in nursing, physician, working in the emergency medical service, emergency admissions and inpatient facilities. The competition is also intended for students studying in the medical field of emergency health care and drivers of emergency medical services. \n<br><br><b>4. Entering the competition<\/b>\n<br>\u2022\tPrihl\u00e1si\u0165 sa pos\u00e1dky m\u00f4\u017eu do <b>5. apr\u00edla 2026 <\/b>prostredn\u00edctvom <a href=\"https:\/\/forms.gle\/8bPjGRSiZFMgSvew7\" target=\"_blank\" rel=\"noopener\">REGISTRA\u010cN\u00c9HO FORMUL\u00c1RA<\/a>. \n\n<br>\u2022\tRegistra\u010dn\u00fd poplatok do s\u00fa\u0165a\u017ee je: 50 EUR\/os. (100 EUR\/pos\u00e1dka).\n\n<br><br><b>5. Competition Rules<\/b>\n<br>\u2022\tThe competition consists of practical disciplines simulating various rescue and patient management tasks.\n<br>\u2022\tCrews will be judged on speed, correct procedures and teamwork.\n<br>\u2022\tDetailed instructions for the tasks will be announced before the start of the competition.\n<br><br><b>6. Rating<\/b>\n<br>\u2022\tThe evaluation committee will consist of medical and emergency medicine experts.\n<br>\u2022\tThe results of the competition will be announced in the final part of the competition in the evaluation.\n<br><br><b>7. Prices<\/b>\n<br>\u2022\tThe winning team will receive the AP Rescue Traveling Cup.\n<br>\u2022\tThe first three teams will be rewarded with prizes.\n<br><br><b>8. Credits<\/b>\n<br>\u2022\tKa\u017ed\u00fd akt\u00edvny \u00fa\u010dastn\u00edk s\u00fa\u0165a\u017ee z\u00edskava 6 pridelen\u00fdch kreditov SKZZ.\n\n<\/p>\n<\/p>\t\t\t\t\t\t\t\n\t\t\t\t\t\t<\/div>\n                        \n                        <div class=\"text-box4\">\n                            <div class=\"row\">\n                                <div class=\"col-xl-6\">\n                                    <div class=\"content-box\">\n                                        <h2>Final provisions<\/h2>                                        \t\t\t\t\t\t\t\t\t\t\t\t\t\t\t\t\t\t\t\t<ul>\n\t\t\t\t\t\t\t\t\t\t\t\t\t\t\t\t\t\t\t\t\t   \t<li><span class=\"icon-checked\"><\/span> The organiser reserves the right to change the terms and conditions of the competition in the event of unforeseen circumstances.<\/li>\n\t\t\t\t\t\t\t\t\t\t\t\t\t\t\t\t\t\t\t\t\t   \t<li><span class=\"icon-checked\"><\/span> By participating in the competition, the contestants consent to the use of photographs and video recordings from the event for the promotional purposes of the organizer.<\/li>\n\t\t\t\t\t\t\t\t\t\t\t\t\t\t\t\t\t\t\t\t\t<\/ul>\n\t\t\t\t\t\t\t\t\t\t                                    <\/div>\n                                <\/div>\n\t\t\t\t\t\t\t\t                                <div class=\"col-xl-6\">\n                                    <div class=\"img-box\">\n                                        <img decoding=\"async\" src=\"https:\/\/aprescue.sk\/wp-content\/uploads\/2026\/03\/MANAZMENT-PACIENTA-NA-FUTBALOVOM-STADIONE-II.-Instagram-Post-45-1.png\" alt=\"Awesome Image\" \/>\n                                    <\/div>\n                                <\/div>\n\t\t\t\t\t\t\t\t                            <\/div>\n                        <\/div>\n\n                        <div class=\"faq-style1__content\">\n                            <ul class=\"accordion-box\">\n                                                                <li class=\"accordion block active-block\">\n                                    <div class=\"acc-btn active\">\n                                        <div class=\"icon-outer\">\n                                            <i class=\"icon-down-arrow\"><\/i>\n                                        <\/div>\n                                        <h3>Do you have questions for us?<\/h3>\n                                    <\/div>\n                                    <div class=\"acc-content current\">\n                                        <p><b>Contact details<\/b>\n\n<br>Brad\u00e1\u010dova 1683\/1<br>\nBratislava-Petr\u017ealka<br>\n851 02 Slovensko<br>\nI\u010cO 52 781 810<br>\nDI\u010c 2121144784\n<a href=\"tel:+421905789176\"><br>+421 905 789 176<\/a>\n<br>\n<a href=\"mailto:komunikacia@aprescue.sk\">komunikacia@aprescue.sk<\/a><\/p>\n                                    <\/div>\n                                <\/li>\n                                                            <\/ul>\n                        <\/div>\n                    <\/div>\n                <\/div>\n                <!--End Service Details Content -->\n            <\/div>\n        <\/div>\n    <\/section>\n    <!--End Service Details area -->\n    \n    \t\t\t\t<\/div>\n\t\t\t\t<\/div>\n\t\t\t\t\t<\/div>\n\t\t<\/div>\n\t\t\t\t\t<\/div>\n\t\t<\/section>\n\t\t\t\t<section class=\"elementor-section elementor-top-section elementor-element elementor-element-5a04484 elementor-section-boxed elementor-section-height-default elementor-section-height-default\" data-id=\"5a04484\" data-element_type=\"section\" data-e-type=\"section\">\n\t\t\t\t\t\t<div class=\"elementor-container elementor-column-gap-default\">\n\t\t\t\t\t<div class=\"elementor-column elementor-col-100 elementor-top-column elementor-element elementor-element-8d78b40\" data-id=\"8d78b40\" data-element_type=\"column\" data-e-type=\"column\">\n\t\t\t<div class=\"elementor-widget-wrap elementor-element-populated\">\n\t\t\t\t\t\t<div class=\"elementor-element elementor-element-7632d0f elementor-widget elementor-widget-heading\" data-id=\"7632d0f\" data-element_type=\"widget\" data-e-type=\"widget\" data-widget_type=\"heading.default\">\n\t\t\t\t<div class=\"elementor-widget-container\">\n\t\t\t\t\t<h2 class=\"elementor-heading-title elementor-size-default\">Fotografie z podujatia<\/h2>\t\t\t\t<\/div>\n\t\t\t\t<\/div>\n\t\t\t\t<div class=\"elementor-element elementor-element-6d0fff9 elementor-widget elementor-widget-spacer\" data-id=\"6d0fff9\" data-element_type=\"widget\" data-e-type=\"widget\" data-widget_type=\"spacer.default\">\n\t\t\t\t<div class=\"elementor-widget-container\">\n\t\t\t\t\t\t\t<div class=\"elementor-spacer\">\n\t\t\t<div class=\"elementor-spacer-inner\"><\/div>\n\t\t<\/div>\n\t\t\t\t\t\t<\/div>\n\t\t\t\t<\/div>\n\t\t\t\t\t<\/div>\n\t\t<\/div>\n\t\t\t\t\t<\/div>\n\t\t<\/section>\n\t\t\t\t<section class=\"elementor-section elementor-top-section elementor-element elementor-element-ffed392 elementor-section-boxed elementor-section-height-default elementor-section-height-default\" data-id=\"ffed392\" data-element_type=\"section\" data-e-type=\"section\">\n\t\t\t\t\t\t<div class=\"elementor-container elementor-column-gap-default\">\n\t\t\t\t\t<div class=\"elementor-column elementor-col-100 elementor-top-column elementor-element elementor-element-73a9440\" data-id=\"73a9440\" data-element_type=\"column\" data-e-type=\"column\">\n\t\t\t<div class=\"elementor-widget-wrap\">\n\t\t\t\t\t\t\t<\/div>\n\t\t<\/div>\n\t\t\t\t\t<\/div>\n\t\t<\/section>\n\t\t\t\t<section class=\"elementor-section elementor-top-section elementor-element elementor-element-a509aa8 elementor-section-boxed elementor-section-height-default elementor-section-height-default\" data-id=\"a509aa8\" data-element_type=\"section\" data-e-type=\"section\">\n\t\t\t\t\t\t<div class=\"elementor-container elementor-column-gap-default\">\n\t\t\t\t\t<div class=\"elementor-column elementor-col-50 elementor-top-column elementor-element elementor-element-c6aff2c\" data-id=\"c6aff2c\" data-element_type=\"column\" data-e-type=\"column\">\n\t\t\t<div class=\"elementor-widget-wrap elementor-element-populated\">\n\t\t\t\t\t\t<div class=\"elementor-element elementor-element-d2d892b elementor-widget elementor-widget-image\" data-id=\"d2d892b\" data-element_type=\"widget\" data-e-type=\"widget\" data-widget_type=\"image.default\">\n\t\t\t\t<div class=\"elementor-widget-container\">\n\t\t\t\t\t\t\t\t\t\t\t\t\t\t\t<img fetchpriority=\"high\" decoding=\"async\" width=\"525\" height=\"394\" src=\"https:\/\/aprescue.sk\/wp-content\/uploads\/2025\/02\/preverit-odborne-schopnosti-a-zrucnosti-posadok-RZP-.jpg\" class=\"attachment-large size-large wp-image-3695\" alt=\"Preveri\u0165 odborn\u00e9 schopnosti a zru\u010dnosti pos\u00e1dok RZP\" srcset=\"https:\/\/aprescue.sk\/wp-content\/uploads\/2025\/02\/preverit-odborne-schopnosti-a-zrucnosti-posadok-RZP-.jpg 935w, https:\/\/aprescue.sk\/wp-content\/uploads\/2025\/02\/preverit-odborne-schopnosti-a-zrucnosti-posadok-RZP--300x225.jpg 300w, https:\/\/aprescue.sk\/wp-content\/uploads\/2025\/02\/preverit-odborne-schopnosti-a-zrucnosti-posadok-RZP--768x577.jpg 768w, https:\/\/aprescue.sk\/wp-content\/uploads\/2025\/02\/preverit-odborne-schopnosti-a-zrucnosti-posadok-RZP--16x12.jpg 16w\" sizes=\"(max-width: 525px) 100vw, 525px\" \/>\t\t\t\t\t\t\t\t\t\t\t\t\t\t\t<\/div>\n\t\t\t\t<\/div>\n\t\t\t\t\t<\/div>\n\t\t<\/div>\n\t\t\t\t<div class=\"elementor-column elementor-col-50 elementor-top-column elementor-element elementor-element-d5a6d74\" data-id=\"d5a6d74\" data-element_type=\"column\" data-e-type=\"column\">\n\t\t\t<div class=\"elementor-widget-wrap elementor-element-populated\">\n\t\t\t\t\t\t<div class=\"elementor-element elementor-element-ff87d1a elementor-widget elementor-widget-image\" data-id=\"ff87d1a\" data-element_type=\"widget\" data-e-type=\"widget\" data-widget_type=\"image.default\">\n\t\t\t\t<div class=\"elementor-widget-container\">\n\t\t\t\t\t\t\t\t\t\t\t\t\t\t\t<img decoding=\"async\" width=\"525\" height=\"394\" src=\"https:\/\/aprescue.sk\/wp-content\/uploads\/2025\/02\/Vitazny-tim-ziska-Putovny-pohar-AP-Rescue.jpg\" class=\"attachment-large size-large wp-image-3699\" alt=\"V\u00ed\u0165azn\u00fd t\u00edm z\u00edska Putovn\u00fd poh\u00e1r AP Rescue\" srcset=\"https:\/\/aprescue.sk\/wp-content\/uploads\/2025\/02\/Vitazny-tim-ziska-Putovny-pohar-AP-Rescue.jpg 935w, https:\/\/aprescue.sk\/wp-content\/uploads\/2025\/02\/Vitazny-tim-ziska-Putovny-pohar-AP-Rescue-300x225.jpg 300w, https:\/\/aprescue.sk\/wp-content\/uploads\/2025\/02\/Vitazny-tim-ziska-Putovny-pohar-AP-Rescue-768x577.jpg 768w, https:\/\/aprescue.sk\/wp-content\/uploads\/2025\/02\/Vitazny-tim-ziska-Putovny-pohar-AP-Rescue-16x12.jpg 16w\" sizes=\"(max-width: 525px) 100vw, 525px\" \/>\t\t\t\t\t\t\t\t\t\t\t\t\t\t\t<\/div>\n\t\t\t\t<\/div>\n\t\t\t\t\t<\/div>\n\t\t<\/div>\n\t\t\t\t\t<\/div>\n\t\t<\/section>\n\t\t\t\t<section class=\"elementor-section elementor-top-section elementor-element elementor-element-f5e4242 elementor-section-boxed elementor-section-height-default elementor-section-height-default\" data-id=\"f5e4242\" data-element_type=\"section\" data-e-type=\"section\">\n\t\t\t\t\t\t<div class=\"elementor-container elementor-column-gap-default\">\n\t\t\t\t\t<div class=\"elementor-column elementor-col-100 elementor-top-column elementor-element elementor-element-5d13f53\" data-id=\"5d13f53\" data-element_type=\"column\" data-e-type=\"column\">\n\t\t\t<div class=\"elementor-widget-wrap elementor-element-populated\">\n\t\t\t\t\t\t<div class=\"elementor-element elementor-element-9fc2d04 elementor-widget elementor-widget-spacer\" data-id=\"9fc2d04\" data-element_type=\"widget\" data-e-type=\"widget\" data-widget_type=\"spacer.default\">\n\t\t\t\t<div class=\"elementor-widget-container\">\n\t\t\t\t\t\t\t<div class=\"elementor-spacer\">\n\t\t\t<div class=\"elementor-spacer-inner\"><\/div>\n\t\t<\/div>\n\t\t\t\t\t\t<\/div>\n\t\t\t\t<\/div>\n\t\t\t\t<div class=\"elementor-element elementor-element-33f4192 elementor-widget elementor-widget-heading\" data-id=\"33f4192\" data-element_type=\"widget\" data-e-type=\"widget\" data-widget_type=\"heading.default\">\n\t\t\t\t<div class=\"elementor-widget-container\">\n\t\t\t\t\t<h2 class=\"elementor-heading-title elementor-size-default\">Partneri podujatia<br><br><\/h2>\t\t\t\t<\/div>\n\t\t\t\t<\/div>\n\t\t\t\t<div class=\"elementor-element elementor-element-f9f7399 elementor-widget elementor-widget-image\" data-id=\"f9f7399\" data-element_type=\"widget\" data-e-type=\"widget\" data-widget_type=\"image.default\">\n\t\t\t\t<div class=\"elementor-widget-container\">\n\t\t\t\t\t\t\t\t\t\t\t\t\t\t\t\t<a href=\"https:\/\/www.eustream.sk\/sk\/\" target=\"_blank\" rel=\"noopener\">\n\t\t\t\t\t\t\t<img decoding=\"async\" width=\"300\" height=\"116\" src=\"https:\/\/aprescue.sk\/wp-content\/uploads\/2025\/03\/2022_EUSTREAM_logo_claim_CMYK-300x116.png\" class=\"attachment-medium size-medium wp-image-3793\" alt=\"\" srcset=\"https:\/\/aprescue.sk\/wp-content\/uploads\/2025\/03\/2022_EUSTREAM_logo_claim_CMYK-300x116.png 300w, https:\/\/aprescue.sk\/wp-content\/uploads\/2025\/03\/2022_EUSTREAM_logo_claim_CMYK-1024x396.png 1024w, https:\/\/aprescue.sk\/wp-content\/uploads\/2025\/03\/2022_EUSTREAM_logo_claim_CMYK-768x297.png 768w, https:\/\/aprescue.sk\/wp-content\/uploads\/2025\/03\/2022_EUSTREAM_logo_claim_CMYK-18x7.png 18w, https:\/\/aprescue.sk\/wp-content\/uploads\/2025\/03\/2022_EUSTREAM_logo_claim_CMYK-e1741259787971.png 1000w\" sizes=\"(max-width: 300px) 100vw, 300px\" \/>\t\t\t\t\t\t\t\t<\/a>\n\t\t\t\t\t\t\t\t\t\t\t\t\t\t\t<\/div>\n\t\t\t\t<\/div>\n\t\t\t\t<div class=\"elementor-element elementor-element-5454260 elementor-widget elementor-widget-spacer\" data-id=\"5454260\" data-element_type=\"widget\" data-e-type=\"widget\" data-widget_type=\"spacer.default\">\n\t\t\t\t<div class=\"elementor-widget-container\">\n\t\t\t\t\t\t\t<div class=\"elementor-spacer\">\n\t\t\t<div class=\"elementor-spacer-inner\"><\/div>\n\t\t<\/div>\n\t\t\t\t\t\t<\/div>\n\t\t\t\t<\/div>\n\t\t\t\t<div class=\"elementor-element elementor-element-10a6cdb elementor-widget elementor-widget-image\" data-id=\"10a6cdb\" data-element_type=\"widget\" data-e-type=\"widget\" data-widget_type=\"image.default\">\n\t\t\t\t<div class=\"elementor-widget-container\">\n\t\t\t\t\t\t\t\t\t\t\t\t\t\t\t\t<a href=\"https:\/\/energetickesluzby.sk\/\" target=\"_blank\" rel=\"noopener\">\n\t\t\t\t\t\t\t<img loading=\"lazy\" decoding=\"async\" width=\"300\" height=\"52\" src=\"https:\/\/aprescue.sk\/wp-content\/uploads\/2025\/04\/SE_ES_Loga_20W24_Outline_SEES_LOGO_FULL-300x52.jpg\" class=\"attachment-medium size-medium wp-image-3818\" alt=\"\" srcset=\"https:\/\/aprescue.sk\/wp-content\/uploads\/2025\/04\/SE_ES_Loga_20W24_Outline_SEES_LOGO_FULL-300x52.jpg 300w, https:\/\/aprescue.sk\/wp-content\/uploads\/2025\/04\/SE_ES_Loga_20W24_Outline_SEES_LOGO_FULL-1024x177.jpg 1024w, https:\/\/aprescue.sk\/wp-content\/uploads\/2025\/04\/SE_ES_Loga_20W24_Outline_SEES_LOGO_FULL-768x133.jpg 768w, https:\/\/aprescue.sk\/wp-content\/uploads\/2025\/04\/SE_ES_Loga_20W24_Outline_SEES_LOGO_FULL-18x3.jpg 18w, https:\/\/aprescue.sk\/wp-content\/uploads\/2025\/04\/SE_ES_Loga_20W24_Outline_SEES_LOGO_FULL.jpg 1049w\" sizes=\"(max-width: 300px) 100vw, 300px\" \/>\t\t\t\t\t\t\t\t<\/a>\n\t\t\t\t\t\t\t\t\t\t\t\t\t\t\t<\/div>\n\t\t\t\t<\/div>\n\t\t\t\t<div class=\"elementor-element elementor-element-b6a0679 elementor-widget elementor-widget-spacer\" data-id=\"b6a0679\" data-element_type=\"widget\" data-e-type=\"widget\" data-widget_type=\"spacer.default\">\n\t\t\t\t<div class=\"elementor-widget-container\">\n\t\t\t\t\t\t\t<div class=\"elementor-spacer\">\n\t\t\t<div class=\"elementor-spacer-inner\"><\/div>\n\t\t<\/div>\n\t\t\t\t\t\t<\/div>\n\t\t\t\t<\/div>\n\t\t\t\t\t<\/div>\n\t\t<\/div>\n\t\t\t\t\t<\/div>\n\t\t<\/section>\n\t\t\t\t<section class=\"elementor-section elementor-top-section elementor-element elementor-element-ff80381 elementor-section-boxed elementor-section-height-default elementor-section-height-default\" data-id=\"ff80381\" data-element_type=\"section\" data-e-type=\"section\">\n\t\t\t\t\t\t<div class=\"elementor-container elementor-column-gap-default\">\n\t\t\t\t\t<div class=\"elementor-column elementor-col-100 elementor-top-column elementor-element elementor-element-c31ee13\" data-id=\"c31ee13\" data-element_type=\"column\" data-e-type=\"column\">\n\t\t\t<div class=\"elementor-widget-wrap elementor-element-populated\">\n\t\t\t\t\t\t<div class=\"elementor-element elementor-element-c316961 elementor-widget elementor-widget-image\" data-id=\"c316961\" data-element_type=\"widget\" data-e-type=\"widget\" data-widget_type=\"image.default\">\n\t\t\t\t<div class=\"elementor-widget-container\">\n\t\t\t\t\t\t\t\t\t\t\t\t\t\t\t\t<a href=\"https:\/\/www.caffetrieste.sk\/\" target=\"_blank\" rel=\"noopener\">\n\t\t\t\t\t\t\t<img loading=\"lazy\" decoding=\"async\" width=\"300\" height=\"167\" src=\"https:\/\/aprescue.sk\/wp-content\/uploads\/2026\/04\/logo_kvietky-300x167.jpg\" class=\"attachment-medium size-medium wp-image-4049\" alt=\"\" srcset=\"https:\/\/aprescue.sk\/wp-content\/uploads\/2026\/04\/logo_kvietky-300x167.jpg 300w, https:\/\/aprescue.sk\/wp-content\/uploads\/2026\/04\/logo_kvietky-18x10.jpg 18w, https:\/\/aprescue.sk\/wp-content\/uploads\/2026\/04\/logo_kvietky.jpg 340w\" sizes=\"(max-width: 300px) 100vw, 300px\" \/>\t\t\t\t\t\t\t\t<\/a>\n\t\t\t\t\t\t\t\t\t\t\t\t\t\t\t<\/div>\n\t\t\t\t<\/div>\n\t\t\t\t<div class=\"elementor-element elementor-element-08dc388 elementor-widget elementor-widget-spacer\" data-id=\"08dc388\" data-element_type=\"widget\" data-e-type=\"widget\" data-widget_type=\"spacer.default\">\n\t\t\t\t<div class=\"elementor-widget-container\">\n\t\t\t\t\t\t\t<div class=\"elementor-spacer\">\n\t\t\t<div class=\"elementor-spacer-inner\"><\/div>\n\t\t<\/div>\n\t\t\t\t\t\t<\/div>\n\t\t\t\t<\/div>\n\t\t\t\t\t<\/div>\n\t\t<\/div>\n\t\t\t\t\t<\/div>\n\t\t<\/section>\n\t\t\t\t<\/div>","protected":false},"excerpt":{"rendered":"<p>\u0160tat\u00fat s\u00fa\u0165a\u017ee Mana\u017ement pacienta na futbalovom \u0161tadi\u00f3ne 1. V\u0161eobecn\u00e9 ustanovenia N\u00e1zov s\u00fa\u0165a\u017ee: Mana\u017ement pacienta na futbalovom \u0161tadi\u00f3ne Organiz\u00e1tor: AP Rescue s.r.o. Term\u00edn konania: 20. apr\u00edl 2026 Miesto konania: Futbalov\u00fd \u0161tadi\u00f3n Teheln\u00e9 pole, V. Tegelhoffa 4, Bratislava Kredity pridelen\u00e9 SKZZ: 6 kreditov V\u00ed\u0165azi I. ro\u010dn\u00edka s\u00fa\u0165a\u017ee pos\u00e1dok RZP 1. miesto: Anton Rafaj, Mat\u00fa\u0161 Janiga 2. miesto: [&hellip;]<\/p>\n","protected":false},"author":1,"featured_media":3596,"parent":0,"menu_order":0,"comment_status":"closed","ping_status":"closed","template":"","meta":{"_monsterinsights_skip_tracking":false,"_monsterinsights_sitenote_active":false,"_monsterinsights_sitenote_note":"","_monsterinsights_sitenote_category":0,"footnotes":""},"class_list":["post-3672","page","type-page","status-publish","has-post-thumbnail","hentry"],"_links":{"self":[{"href":"https:\/\/aprescue.sk\/en\/wp-json\/wp\/v2\/pages\/3672","targetHints":{"allow":["GET"]}}],"collection":[{"href":"https:\/\/aprescue.sk\/en\/wp-json\/wp\/v2\/pages"}],"about":[{"href":"https:\/\/aprescue.sk\/en\/wp-json\/wp\/v2\/types\/page"}],"author":[{"embeddable":true,"href":"https:\/\/aprescue.sk\/en\/wp-json\/wp\/v2\/users\/1"}],"replies":[{"embeddable":true,"href":"https:\/\/aprescue.sk\/en\/wp-json\/wp\/v2\/comments?post=3672"}],"version-history":[{"count":6,"href":"https:\/\/aprescue.sk\/en\/wp-json\/wp\/v2\/pages\/3672\/revisions"}],"predecessor-version":[{"id":4061,"href":"https:\/\/aprescue.sk\/en\/wp-json\/wp\/v2\/pages\/3672\/revisions\/4061"}],"wp:featuredmedia":[{"embeddable":true,"href":"https:\/\/aprescue.sk\/en\/wp-json\/wp\/v2\/media\/3596"}],"wp:attachment":[{"href":"https:\/\/aprescue.sk\/en\/wp-json\/wp\/v2\/media?parent=3672"}],"curies":[{"name":"wp","href":"https:\/\/api.w.org\/{rel}","templated":true}]}}